{"id":57,"date":"2016-06-14T10:19:37","date_gmt":"2016-06-14T09:19:37","guid":{"rendered":"https:\/\/www.wifimob.fr\/?page_id=57"},"modified":"2016-06-25T13:22:46","modified_gmt":"2016-06-25T12:22:46","slug":"exploitation","status":"publish","type":"page","link":"https:\/\/www.wifimob.fr\/?page_id=57","title":{"rendered":"Exploitation et gestion"},"content":{"rendered":"<div id=\"pl-57\"  class=\"panel-layout\" ><div id=\"pg-57-0\"  class=\"panel-grid panel-no-style\" ><div id=\"pgc-57-0-0\"  class=\"panel-grid-cell\" ><div id=\"panel-57-0-0-0\" class=\"so-panel widget widget_sow-editor panel-first-child panel-last-child\" data-index=\"0\" ><div\n\t\t\t\n\t\t\tclass=\"so-widget-sow-editor so-widget-sow-editor-base\"\n\t\t\t\n\t\t>\n<div class=\"siteorigin-widget-tinymce textwidget\">\n\t<h3>Une <strong>solution\u00a0pilot\u00e9e \u00e0 distance<\/strong><\/h3>\n<p>Wiconnect vous accompagne dans l\u2019utilisation de la solution et ses \u00e9volutions. La plateforme Entreprise Cloud Manager (ECM) vous donne acc\u00e8s \u00e0 la configuration de vos routeurs o\u00f9 que vous soyez.<\/p>\n<p>Vous modifiez les param\u00e8tres sur notre outil de gestion centralis\u00e9e, ils seront automatiquement appliqu\u00e9s lors du prochain d\u00e9marrage de votre v\u00e9hicule : aucune intervention n\u2019est \u00e0 planifier!<\/p>\n<\/div>\n<\/div><\/div><\/div><div id=\"pgc-57-0-1\"  class=\"panel-grid-cell\" ><div id=\"panel-57-0-1-0\" class=\"so-panel widget widget_sow-image panel-first-child panel-last-child\" data-index=\"1\" ><div\n\t\t\t\n\t\t\tclass=\"so-widget-sow-image so-widget-sow-image-default-d6014b76747a-57\"\n\t\t\t\n\t\t>\n\n<div class=\"sow-image-container\">\n\t\t<img src=\"https:\/\/www.wifimob.fr\/wp-content\/uploads\/sites\/2\/2016\/06\/cloud.jpg\" width=\"600\" height=\"400\" srcset=\"https:\/\/www.wifimob.fr\/wp-content\/uploads\/sites\/2\/2016\/06\/cloud.jpg 600w, https:\/\/www.wifimob.fr\/wp-content\/uploads\/sites\/2\/2016\/06\/cloud-300x200.jpg 300w, https:\/\/www.wifimob.fr\/wp-content\/uploads\/sites\/2\/2016\/06\/cloud-272x182.jpg 272w\" sizes=\"(max-width: 600px) 100vw, 600px\" alt=\"\" loading=\"lazy\" \t\tclass=\"so-widget-image\"\/>\n\t<\/div>\n\n<\/div><\/div><\/div><\/div><div id=\"pg-57-1\"  class=\"panel-grid panel-no-style\" ><div id=\"pgc-57-1-0\"  class=\"panel-grid-cell\" ><div id=\"panel-57-1-0-0\" class=\"so-panel widget widget_sow-editor panel-first-child panel-last-child\" data-index=\"2\" ><div\n\t\t\t\n\t\t\tclass=\"so-widget-sow-editor so-widget-sow-editor-base\"\n\t\t\t\n\t\t>\n<div class=\"siteorigin-widget-tinymce textwidget\">\n\t<ul>\n<li>Hotline et support technique gratuit<\/li>\n<li>Num\u00e9ro d\u2019appel non surtax\u00e9<\/li>\n<li>Gestion des configurations<\/li>\n<\/ul>\n<\/div>\n<\/div><\/div><\/div><div id=\"pgc-57-1-1\"  class=\"panel-grid-cell\" ><div id=\"panel-57-1-1-0\" class=\"so-panel widget widget_sow-editor panel-first-child panel-last-child\" data-index=\"3\" ><div\n\t\t\t\n\t\t\tclass=\"so-widget-sow-editor so-widget-sow-editor-base\"\n\t\t\t\n\t\t>\n<div class=\"siteorigin-widget-tinymce textwidget\">\n\t<ul>\n<li>Plateforme de management centralis\u00e9<\/li>\n<li>Statistiques d\u2019utilisation de vos services<\/li>\n<li>Support Hardware constructeur<\/li>\n<\/ul>\n<\/div>\n<\/div><\/div><\/div><\/div><div id=\"pg-57-2\"  class=\"panel-grid panel-no-style\" ><div id=\"pgc-57-2-0\"  class=\"panel-grid-cell\" ><div id=\"panel-57-2-0-0\" class=\"so-panel widget widget_black-studio-tinymce widget_black_studio_tinymce panel-first-child panel-last-child\" data-index=\"4\" ><div class=\"textwidget\"><p><a href=\"https:\/\/www.wifimob.fr\/wp-content\/uploads\/sites\/2\/2016\/06\/trading-643722_1280-700x300.jpg\" rel=\"attachment wp-att-225\"><img class=\"alignnone size-medium wp-image-225\" src=\"https:\/\/www.wifimob.fr\/wp-content\/uploads\/sites\/2\/2016\/06\/trading-643722_1280-700x300-300x129.jpg\" alt=\"trading-643722_1280-700x300\" width=\"300\" height=\"129\" \/><\/a><\/p>\n<\/div><\/div><\/div><\/div><\/div>","protected":false},"excerpt":{"rendered":"<p>Une solution\u00a0pilot\u00e9e \u00e0 distanceWiconnect vous accompagne dans l\u2019utilisation de la solution et ses \u00e9volutions. La plateforme Entreprise Cloud Manager (ECM) vous donne acc\u00e8s \u00e0 la configuration de vos routeurs o\u00f9 que vous soyez.Vous modifiez les param\u00e8tres sur notre outil de gestion centralis\u00e9e, ils seront automatiquement appliqu\u00e9s lors du prochain d\u00e9marrage de votre v\u00e9hicule : aucune&#8230;<\/p>\n","protected":false},"author":1,"featured_media":217,"parent":0,"menu_order":0,"comment_status":"closed","ping_status":"closed","template":"","meta":{"_mi_skip_tracking":false},"acf":[],"yoast_head":"<!-- This site is optimized with the Yoast SEO plugin v19.2 - https:\/\/yoast.com\/wordpress\/plugins\/seo\/ -->\n<title>Exploitation et gestion - Wiconnect - Wifimob<\/title>\n<meta name=\"robots\" content=\"index, follow, max-snippet:-1, max-image-preview:large, max-video-preview:-1\" \/>\n<link rel=\"canonical\" href=\"https:\/\/www.wifimob.fr\/?page_id=57\" \/>\n<meta property=\"og:locale\" content=\"fr_FR\" \/>\n<meta property=\"og:type\" content=\"article\" \/>\n<meta property=\"og:title\" content=\"Exploitation et gestion - Wiconnect - Wifimob\" \/>\n<meta property=\"og:description\" content=\"Une solution\u00a0pilot\u00e9e \u00e0 distanceWiconnect vous accompagne dans l\u2019utilisation de la solution et ses \u00e9volutions. La plateforme Entreprise Cloud Manager (ECM) vous donne acc\u00e8s \u00e0 la configuration de vos routeurs o\u00f9 que vous soyez.Vous modifiez les param\u00e8tres sur notre outil de gestion centralis\u00e9e, ils seront automatiquement appliqu\u00e9s lors du prochain d\u00e9marrage de votre v\u00e9hicule : aucune...\" \/>\n<meta property=\"og:url\" content=\"https:\/\/www.wifimob.fr\/?page_id=57\" \/>\n<meta property=\"og:site_name\" content=\"Wiconnect - Wifimob\" \/>\n<meta property=\"article:modified_time\" content=\"2016-06-25T12:22:46+00:00\" \/>\n<meta property=\"og:image\" content=\"https:\/\/www.wifimob.fr\/wp-content\/uploads\/sites\/2\/2016\/06\/exploitation-cloud-wifi-embarqu\u00e9.jpg\" \/>\n\t<meta property=\"og:image:width\" content=\"1650\" \/>\n\t<meta property=\"og:image:height\" content=\"340\" \/>\n\t<meta property=\"og:image:type\" content=\"image\/jpeg\" \/>\n<meta name=\"author\" content=\"admin_wiconnect\" \/>\n<meta name=\"twitter:card\" content=\"summary\" \/>\n<script type=\"application\/ld+json\" class=\"yoast-schema-graph\">{\"@context\":\"https:\/\/schema.org\",\"@graph\":[{\"@type\":\"WebSite\",\"@id\":\"https:\/\/www.wifimob.fr\/#website\",\"url\":\"https:\/\/www.wifimob.fr\/\",\"name\":\"Wiconnect - Wifimob\",\"description\":\"\",\"potentialAction\":[{\"@type\":\"SearchAction\",\"target\":{\"@type\":\"EntryPoint\",\"urlTemplate\":\"https:\/\/www.wifimob.fr\/?s={search_term_string}\"},\"query-input\":\"required name=search_term_string\"}],\"inLanguage\":\"fr-FR\"},{\"@type\":\"ImageObject\",\"inLanguage\":\"fr-FR\",\"@id\":\"https:\/\/www.wifimob.fr\/?page_id=57#primaryimage\",\"url\":\"https:\/\/www.wifimob.fr\/wp-content\/uploads\/sites\/2\/2016\/06\/exploitation-cloud-wifi-embarqu\u00e9.jpg\",\"contentUrl\":\"https:\/\/www.wifimob.fr\/wp-content\/uploads\/sites\/2\/2016\/06\/exploitation-cloud-wifi-embarqu\u00e9.jpg\",\"width\":1650,\"height\":340},{\"@type\":\"WebPage\",\"@id\":\"https:\/\/www.wifimob.fr\/?page_id=57#webpage\",\"url\":\"https:\/\/www.wifimob.fr\/?page_id=57\",\"name\":\"Exploitation et gestion - Wiconnect - Wifimob\",\"isPartOf\":{\"@id\":\"https:\/\/www.wifimob.fr\/#website\"},\"primaryImageOfPage\":{\"@id\":\"https:\/\/www.wifimob.fr\/?page_id=57#primaryimage\"},\"datePublished\":\"2016-06-14T09:19:37+00:00\",\"dateModified\":\"2016-06-25T12:22:46+00:00\",\"breadcrumb\":{\"@id\":\"https:\/\/www.wifimob.fr\/?page_id=57#breadcrumb\"},\"inLanguage\":\"fr-FR\",\"potentialAction\":[{\"@type\":\"ReadAction\",\"target\":[\"https:\/\/www.wifimob.fr\/?page_id=57\"]}]},{\"@type\":\"BreadcrumbList\",\"@id\":\"https:\/\/www.wifimob.fr\/?page_id=57#breadcrumb\",\"itemListElement\":[{\"@type\":\"ListItem\",\"position\":1,\"name\":\"Accueil\",\"item\":\"https:\/\/www.wifimob.fr\/\"},{\"@type\":\"ListItem\",\"position\":2,\"name\":\"Exploitation et gestion\"}]}]}<\/script>\n<!-- \/ Yoast SEO plugin. -->","yoast_head_json":{"title":"Exploitation et gestion - Wiconnect - Wifimob","robots":{"index":"index","follow":"follow","max-snippet":"max-snippet:-1","max-image-preview":"max-image-preview:large","max-video-preview":"max-video-preview:-1"},"canonical":"https:\/\/www.wifimob.fr\/?page_id=57","og_locale":"fr_FR","og_type":"article","og_title":"Exploitation et gestion - Wiconnect - Wifimob","og_description":"Une solution\u00a0pilot\u00e9e \u00e0 distanceWiconnect vous accompagne dans l\u2019utilisation de la solution et ses \u00e9volutions. La plateforme Entreprise Cloud Manager (ECM) vous donne acc\u00e8s \u00e0 la configuration de vos routeurs o\u00f9 que vous soyez.Vous modifiez les param\u00e8tres sur notre outil de gestion centralis\u00e9e, ils seront automatiquement appliqu\u00e9s lors du prochain d\u00e9marrage de votre v\u00e9hicule : aucune...","og_url":"https:\/\/www.wifimob.fr\/?page_id=57","og_site_name":"Wiconnect - Wifimob","article_modified_time":"2016-06-25T12:22:46+00:00","og_image":[{"width":1650,"height":340,"url":"https:\/\/www.wifimob.fr\/wp-content\/uploads\/sites\/2\/2016\/06\/exploitation-cloud-wifi-embarqu\u00e9.jpg","type":"image\/jpeg"}],"author":"admin_wiconnect","twitter_card":"summary","schema":{"@context":"https:\/\/schema.org","@graph":[{"@type":"WebSite","@id":"https:\/\/www.wifimob.fr\/#website","url":"https:\/\/www.wifimob.fr\/","name":"Wiconnect - Wifimob","description":"","potentialAction":[{"@type":"SearchAction","target":{"@type":"EntryPoint","urlTemplate":"https:\/\/www.wifimob.fr\/?s={search_term_string}"},"query-input":"required name=search_term_string"}],"inLanguage":"fr-FR"},{"@type":"ImageObject","inLanguage":"fr-FR","@id":"https:\/\/www.wifimob.fr\/?page_id=57#primaryimage","url":"https:\/\/www.wifimob.fr\/wp-content\/uploads\/sites\/2\/2016\/06\/exploitation-cloud-wifi-embarqu\u00e9.jpg","contentUrl":"https:\/\/www.wifimob.fr\/wp-content\/uploads\/sites\/2\/2016\/06\/exploitation-cloud-wifi-embarqu\u00e9.jpg","width":1650,"height":340},{"@type":"WebPage","@id":"https:\/\/www.wifimob.fr\/?page_id=57#webpage","url":"https:\/\/www.wifimob.fr\/?page_id=57","name":"Exploitation et gestion - Wiconnect - Wifimob","isPartOf":{"@id":"https:\/\/www.wifimob.fr\/#website"},"primaryImageOfPage":{"@id":"https:\/\/www.wifimob.fr\/?page_id=57#primaryimage"},"datePublished":"2016-06-14T09:19:37+00:00","dateModified":"2016-06-25T12:22:46+00:00","breadcrumb":{"@id":"https:\/\/www.wifimob.fr\/?page_id=57#breadcrumb"},"inLanguage":"fr-FR","potentialAction":[{"@type":"ReadAction","target":["https:\/\/www.wifimob.fr\/?page_id=57"]}]},{"@type":"BreadcrumbList","@id":"https:\/\/www.wifimob.fr\/?page_id=57#breadcrumb","itemListElement":[{"@type":"ListItem","position":1,"name":"Accueil","item":"https:\/\/www.wifimob.fr\/"},{"@type":"ListItem","position":2,"name":"Exploitation et gestion"}]}]}},"_links":{"self":[{"href":"https:\/\/www.wifimob.fr\/index.php?rest_route=\/wp\/v2\/pages\/57"}],"collection":[{"href":"https:\/\/www.wifimob.fr\/index.php?rest_route=\/wp\/v2\/pages"}],"about":[{"href":"https:\/\/www.wifimob.fr\/index.php?rest_route=\/wp\/v2\/types\/page"}],"author":[{"embeddable":true,"href":"https:\/\/www.wifimob.fr\/index.php?rest_route=\/wp\/v2\/users\/1"}],"replies":[{"embeddable":true,"href":"https:\/\/www.wifimob.fr\/index.php?rest_route=%2Fwp%2Fv2%2Fcomments&post=57"}],"version-history":[{"count":11,"href":"https:\/\/www.wifimob.fr\/index.php?rest_route=\/wp\/v2\/pages\/57\/revisions"}],"predecessor-version":[{"id":226,"href":"https:\/\/www.wifimob.fr\/index.php?rest_route=\/wp\/v2\/pages\/57\/revisions\/226"}],"wp:featuredmedia":[{"embeddable":true,"href":"https:\/\/www.wifimob.fr\/index.php?rest_route=\/wp\/v2\/media\/217"}],"wp:attachment":[{"href":"https:\/\/www.wifimob.fr\/index.php?rest_route=%2Fwp%2Fv2%2Fmedia&parent=57"}],"curies":[{"name":"wp","href":"https:\/\/api.w.org\/{rel}","templated":true}]}}