{"id":55,"date":"2016-06-14T10:19:24","date_gmt":"2016-06-14T09:19:24","guid":{"rendered":"https:\/\/www.wifimob.fr\/?page_id=55"},"modified":"2016-06-24T15:31:50","modified_gmt":"2016-06-24T14:31:50","slug":"materiels-innoves","status":"publish","type":"page","link":"https:\/\/www.wifimob.fr\/?page_id=55","title":{"rendered":"Equipements innovants"},"content":{"rendered":"<div id=\"pl-55\"  class=\"panel-layout\" ><div id=\"pg-55-0\"  class=\"panel-grid panel-no-style\" ><div id=\"pgc-55-0-0\"  class=\"panel-grid-cell\" ><div id=\"panel-55-0-0-0\" class=\"so-panel widget widget_sow-editor panel-first-child panel-last-child\" data-index=\"0\" ><div\n\t\t\t\n\t\t\tclass=\"so-widget-sow-editor so-widget-sow-editor-base\"\n\t\t\t\n\t\t>\n<div class=\"siteorigin-widget-tinymce textwidget\">\n\t<h3>Mat\u00e9riel <strong>compact<\/strong> et <strong>durci<\/strong><\/h3>\n<\/div>\n<\/div><\/div><\/div><\/div><div id=\"pg-55-1\"  class=\"panel-grid panel-no-style\" ><div id=\"pgc-55-1-0\"  class=\"panel-grid-cell\" ><div id=\"panel-55-1-0-0\" class=\"so-panel widget widget_sow-editor panel-first-child panel-last-child\" data-index=\"1\" ><div\n\t\t\t\n\t\t\tclass=\"so-widget-sow-editor so-widget-sow-editor-base\"\n\t\t\t\n\t\t>\n<div class=\"siteorigin-widget-tinymce textwidget\">\n\t<p>Notre routeur a \u00e9t\u00e9 sp\u00e9cialement con\u00e7u pour le secteur Automotive (Certifications : E-Mark).<\/p>\n<p>Il est durci contre les vibrations, les chocs, la poussi\u00e8re, les projections d\u2019eau et l\u2019humidit\u00e9.<\/p>\n<p>Son faible encombrement et sa r\u00e9sistance aux temp\u00e9ratures extr\u00eames permettent une int\u00e9gration facile et rapide dans votre v\u00e9hicule.<\/p>\n<p>Il peut \u00eatre aliment\u00e9 de 9 \u00e0 36 Volt. Son double module radio est compatible avec toutes les normes WiFi 802.11 a\/b\/g\/n et ac.<\/p>\n<p>Le routeur ne poss\u00e8de pas de disque dur int\u00e9gr\u00e9, il ne poss\u00e8de pas d\u2019\u00e9l\u00e9ment m\u00e9canique, il est donc tr\u00e8s robuste. Avec le pilotage en mode CLOUD, aucune donn\u00e9e ne peut \u00eatre perdue.<\/p>\n<\/div>\n<\/div><\/div><\/div><div id=\"pgc-55-1-1\"  class=\"panel-grid-cell\" ><div id=\"panel-55-1-1-0\" class=\"so-panel widget widget_sow-image panel-first-child panel-last-child\" data-index=\"2\" ><div\n\t\t\t\n\t\t\tclass=\"so-widget-sow-image so-widget-sow-image-default-d6014b76747a-55\"\n\t\t\t\n\t\t>\n\n<div class=\"sow-image-container\">\n\t\t<img src=\"https:\/\/www.wifimob.fr\/wp-content\/uploads\/sites\/2\/2016\/06\/puce-electronique-compact.jpg\" width=\"600\" height=\"400\" srcset=\"https:\/\/www.wifimob.fr\/wp-content\/uploads\/sites\/2\/2016\/06\/puce-electronique-compact.jpg 600w, https:\/\/www.wifimob.fr\/wp-content\/uploads\/sites\/2\/2016\/06\/puce-electronique-compact-300x200.jpg 300w, https:\/\/www.wifimob.fr\/wp-content\/uploads\/sites\/2\/2016\/06\/puce-electronique-compact-272x182.jpg 272w\" sizes=\"(max-width: 600px) 100vw, 600px\" alt=\"\" loading=\"lazy\" \t\tclass=\"so-widget-image\"\/>\n\t<\/div>\n\n<\/div><\/div><\/div><\/div><\/div>","protected":false},"excerpt":{"rendered":"<p>Mat\u00e9riel compact et durci Notre routeur a \u00e9t\u00e9 sp\u00e9cialement con\u00e7u pour le secteur Automotive (Certifications : E-Mark).Il est durci contre les vibrations, les chocs, la poussi\u00e8re, les projections d\u2019eau et l\u2019humidit\u00e9.Son faible encombrement et sa r\u00e9sistance aux temp\u00e9ratures extr\u00eames permettent une int\u00e9gration facile et rapide dans votre v\u00e9hicule.Il peut \u00eatre aliment\u00e9 de 9 \u00e0 36&#8230;<\/p>\n","protected":false},"author":1,"featured_media":204,"parent":0,"menu_order":0,"comment_status":"closed","ping_status":"closed","template":"","meta":{"_mi_skip_tracking":false},"acf":[],"yoast_head":"<!-- This site is optimized with the Yoast SEO plugin v19.2 - https:\/\/yoast.com\/wordpress\/plugins\/seo\/ -->\n<title>Equipements innovants - Wiconnect - Wifimob<\/title>\n<meta name=\"robots\" content=\"index, follow, max-snippet:-1, max-image-preview:large, max-video-preview:-1\" \/>\n<link rel=\"canonical\" href=\"https:\/\/www.wifimob.fr\/?page_id=55\" \/>\n<meta property=\"og:locale\" content=\"fr_FR\" \/>\n<meta property=\"og:type\" content=\"article\" \/>\n<meta property=\"og:title\" content=\"Equipements innovants - Wiconnect - Wifimob\" \/>\n<meta property=\"og:description\" content=\"Mat\u00e9riel compact et durci Notre routeur a \u00e9t\u00e9 sp\u00e9cialement con\u00e7u pour le secteur Automotive (Certifications : E-Mark).Il est durci contre les vibrations, les chocs, la poussi\u00e8re, les projections d\u2019eau et l\u2019humidit\u00e9.Son faible encombrement et sa r\u00e9sistance aux temp\u00e9ratures extr\u00eames permettent une int\u00e9gration facile et rapide dans votre v\u00e9hicule.Il peut \u00eatre aliment\u00e9 de 9 \u00e0 36...\" \/>\n<meta property=\"og:url\" content=\"https:\/\/www.wifimob.fr\/?page_id=55\" \/>\n<meta property=\"og:site_name\" content=\"Wiconnect - Wifimob\" \/>\n<meta property=\"article:modified_time\" content=\"2016-06-24T14:31:50+00:00\" \/>\n<meta property=\"og:image\" content=\"https:\/\/www.wifimob.fr\/wp-content\/uploads\/sites\/2\/2016\/06\/Wiconnect-innovation-wifi-embarqu\u00e9.png\" \/>\n\t<meta property=\"og:image:width\" content=\"1653\" \/>\n\t<meta property=\"og:image:height\" content=\"340\" \/>\n\t<meta property=\"og:image:type\" content=\"image\/png\" \/>\n<meta name=\"author\" content=\"admin_wiconnect\" \/>\n<meta name=\"twitter:card\" content=\"summary\" \/>\n<meta name=\"twitter:label1\" content=\"Dur\u00e9e de lecture estim\u00e9e\" \/>\n\t<meta name=\"twitter:data1\" content=\"1 minute\" \/>\n<script type=\"application\/ld+json\" class=\"yoast-schema-graph\">{\"@context\":\"https:\/\/schema.org\",\"@graph\":[{\"@type\":\"WebSite\",\"@id\":\"https:\/\/www.wifimob.fr\/#website\",\"url\":\"https:\/\/www.wifimob.fr\/\",\"name\":\"Wiconnect - Wifimob\",\"description\":\"\",\"potentialAction\":[{\"@type\":\"SearchAction\",\"target\":{\"@type\":\"EntryPoint\",\"urlTemplate\":\"https:\/\/www.wifimob.fr\/?s={search_term_string}\"},\"query-input\":\"required name=search_term_string\"}],\"inLanguage\":\"fr-FR\"},{\"@type\":\"ImageObject\",\"inLanguage\":\"fr-FR\",\"@id\":\"https:\/\/www.wifimob.fr\/?page_id=55#primaryimage\",\"url\":\"https:\/\/www.wifimob.fr\/wp-content\/uploads\/sites\/2\/2016\/06\/Wiconnect-innovation-wifi-embarqu\u00e9.png\",\"contentUrl\":\"https:\/\/www.wifimob.fr\/wp-content\/uploads\/sites\/2\/2016\/06\/Wiconnect-innovation-wifi-embarqu\u00e9.png\",\"width\":1653,\"height\":340},{\"@type\":\"WebPage\",\"@id\":\"https:\/\/www.wifimob.fr\/?page_id=55#webpage\",\"url\":\"https:\/\/www.wifimob.fr\/?page_id=55\",\"name\":\"Equipements innovants - Wiconnect - Wifimob\",\"isPartOf\":{\"@id\":\"https:\/\/www.wifimob.fr\/#website\"},\"primaryImageOfPage\":{\"@id\":\"https:\/\/www.wifimob.fr\/?page_id=55#primaryimage\"},\"datePublished\":\"2016-06-14T09:19:24+00:00\",\"dateModified\":\"2016-06-24T14:31:50+00:00\",\"breadcrumb\":{\"@id\":\"https:\/\/www.wifimob.fr\/?page_id=55#breadcrumb\"},\"inLanguage\":\"fr-FR\",\"potentialAction\":[{\"@type\":\"ReadAction\",\"target\":[\"https:\/\/www.wifimob.fr\/?page_id=55\"]}]},{\"@type\":\"BreadcrumbList\",\"@id\":\"https:\/\/www.wifimob.fr\/?page_id=55#breadcrumb\",\"itemListElement\":[{\"@type\":\"ListItem\",\"position\":1,\"name\":\"Accueil\",\"item\":\"https:\/\/www.wifimob.fr\/\"},{\"@type\":\"ListItem\",\"position\":2,\"name\":\"Equipements innovants\"}]}]}<\/script>\n<!-- \/ Yoast SEO plugin. -->","yoast_head_json":{"title":"Equipements innovants - Wiconnect - Wifimob","robots":{"index":"index","follow":"follow","max-snippet":"max-snippet:-1","max-image-preview":"max-image-preview:large","max-video-preview":"max-video-preview:-1"},"canonical":"https:\/\/www.wifimob.fr\/?page_id=55","og_locale":"fr_FR","og_type":"article","og_title":"Equipements innovants - Wiconnect - Wifimob","og_description":"Mat\u00e9riel compact et durci Notre routeur a \u00e9t\u00e9 sp\u00e9cialement con\u00e7u pour le secteur Automotive (Certifications : E-Mark).Il est durci contre les vibrations, les chocs, la poussi\u00e8re, les projections d\u2019eau et l\u2019humidit\u00e9.Son faible encombrement et sa r\u00e9sistance aux temp\u00e9ratures extr\u00eames permettent une int\u00e9gration facile et rapide dans votre v\u00e9hicule.Il peut \u00eatre aliment\u00e9 de 9 \u00e0 36...","og_url":"https:\/\/www.wifimob.fr\/?page_id=55","og_site_name":"Wiconnect - Wifimob","article_modified_time":"2016-06-24T14:31:50+00:00","og_image":[{"width":1653,"height":340,"url":"https:\/\/www.wifimob.fr\/wp-content\/uploads\/sites\/2\/2016\/06\/Wiconnect-innovation-wifi-embarqu\u00e9.png","type":"image\/png"}],"author":"admin_wiconnect","twitter_card":"summary","twitter_misc":{"Dur\u00e9e de lecture estim\u00e9e":"1 minute"},"schema":{"@context":"https:\/\/schema.org","@graph":[{"@type":"WebSite","@id":"https:\/\/www.wifimob.fr\/#website","url":"https:\/\/www.wifimob.fr\/","name":"Wiconnect - Wifimob","description":"","potentialAction":[{"@type":"SearchAction","target":{"@type":"EntryPoint","urlTemplate":"https:\/\/www.wifimob.fr\/?s={search_term_string}"},"query-input":"required name=search_term_string"}],"inLanguage":"fr-FR"},{"@type":"ImageObject","inLanguage":"fr-FR","@id":"https:\/\/www.wifimob.fr\/?page_id=55#primaryimage","url":"https:\/\/www.wifimob.fr\/wp-content\/uploads\/sites\/2\/2016\/06\/Wiconnect-innovation-wifi-embarqu\u00e9.png","contentUrl":"https:\/\/www.wifimob.fr\/wp-content\/uploads\/sites\/2\/2016\/06\/Wiconnect-innovation-wifi-embarqu\u00e9.png","width":1653,"height":340},{"@type":"WebPage","@id":"https:\/\/www.wifimob.fr\/?page_id=55#webpage","url":"https:\/\/www.wifimob.fr\/?page_id=55","name":"Equipements innovants - Wiconnect - Wifimob","isPartOf":{"@id":"https:\/\/www.wifimob.fr\/#website"},"primaryImageOfPage":{"@id":"https:\/\/www.wifimob.fr\/?page_id=55#primaryimage"},"datePublished":"2016-06-14T09:19:24+00:00","dateModified":"2016-06-24T14:31:50+00:00","breadcrumb":{"@id":"https:\/\/www.wifimob.fr\/?page_id=55#breadcrumb"},"inLanguage":"fr-FR","potentialAction":[{"@type":"ReadAction","target":["https:\/\/www.wifimob.fr\/?page_id=55"]}]},{"@type":"BreadcrumbList","@id":"https:\/\/www.wifimob.fr\/?page_id=55#breadcrumb","itemListElement":[{"@type":"ListItem","position":1,"name":"Accueil","item":"https:\/\/www.wifimob.fr\/"},{"@type":"ListItem","position":2,"name":"Equipements innovants"}]}]}},"_links":{"self":[{"href":"https:\/\/www.wifimob.fr\/index.php?rest_route=\/wp\/v2\/pages\/55"}],"collection":[{"href":"https:\/\/www.wifimob.fr\/index.php?rest_route=\/wp\/v2\/pages"}],"about":[{"href":"https:\/\/www.wifimob.fr\/index.php?rest_route=\/wp\/v2\/types\/page"}],"author":[{"embeddable":true,"href":"https:\/\/www.wifimob.fr\/index.php?rest_route=\/wp\/v2\/users\/1"}],"replies":[{"embeddable":true,"href":"https:\/\/www.wifimob.fr\/index.php?rest_route=%2Fwp%2Fv2%2Fcomments&post=55"}],"version-history":[{"count":11,"href":"https:\/\/www.wifimob.fr\/index.php?rest_route=\/wp\/v2\/pages\/55\/revisions"}],"predecessor-version":[{"id":203,"href":"https:\/\/www.wifimob.fr\/index.php?rest_route=\/wp\/v2\/pages\/55\/revisions\/203"}],"wp:featuredmedia":[{"embeddable":true,"href":"https:\/\/www.wifimob.fr\/index.php?rest_route=\/wp\/v2\/media\/204"}],"wp:attachment":[{"href":"https:\/\/www.wifimob.fr\/index.php?rest_route=%2Fwp%2Fv2%2Fmedia&parent=55"}],"curies":[{"name":"wp","href":"https:\/\/api.w.org\/{rel}","templated":true}]}}