{"id":53,"date":"2016-06-14T10:19:06","date_gmt":"2016-06-14T09:19:06","guid":{"rendered":"https:\/\/www.wifimob.fr\/?page_id=53"},"modified":"2016-07-25T21:11:00","modified_gmt":"2016-07-25T20:11:00","slug":"les-services-embarques","status":"publish","type":"page","link":"https:\/\/www.wifimob.fr\/?page_id=53","title":{"rendered":"Les services embarqu\u00e9s"},"content":{"rendered":"<div id=\"pl-53\"  class=\"panel-layout\" ><div id=\"pg-53-0\"  class=\"panel-grid panel-no-style\" ><div id=\"pgc-53-0-0\"  class=\"panel-grid-cell\" ><div id=\"panel-53-0-0-0\" class=\"so-panel widget widget_sow-editor panel-first-child panel-last-child\" data-index=\"0\" ><div\n\t\t\t\n\t\t\tclass=\"so-widget-sow-editor so-widget-sow-editor-base\"\n\t\t\t\n\t\t>\n<div class=\"siteorigin-widget-tinymce textwidget\">\n\t<h3><strong>Applications diverses de nos services embarqu\u00e9es<\/strong><\/h3>\n<\/div>\n<\/div><\/div><\/div><\/div><div id=\"pg-53-1\"  class=\"panel-grid panel-no-style\" ><div id=\"pgc-53-1-0\"  class=\"panel-grid-cell\" ><div id=\"panel-53-1-0-0\" class=\"so-panel widget widget_sow-editor panel-first-child panel-last-child\" data-index=\"1\" ><div\n\t\t\t\n\t\t\tclass=\"so-widget-sow-editor so-widget-sow-editor-base\"\n\t\t\t\n\t\t>\n<div class=\"siteorigin-widget-tinymce textwidget\">\n\t<p>Les services peuvent \u00eatre reli\u00e9s au Wi-Fi de mani\u00e8re s\u00e9curis\u00e9e et sans portail (terminal CB, tablette tactile...).<\/p>\n<p>Les ports filaires pr\u00e9sents sur le routeur peuvent aussi fournir la connexion aux \u00e9quiments tiers (PC embarqu\u00e9, vid\u00e9oprotection, ...).<\/p>\n<p>Il est \u00e9galement possible de mettre en place des tunnels VPN (IPSEC) pour s\u00e9curiser les flux applicatifs vers vos propres serveurs m\u00e9tier.<\/p>\n<\/div>\n<\/div><\/div><\/div><div id=\"pgc-53-1-1\"  class=\"panel-grid-cell\" ><div id=\"panel-53-1-1-0\" class=\"so-panel widget widget_sow-image panel-first-child panel-last-child\" data-index=\"2\" ><div\n\t\t\t\n\t\t\tclass=\"so-widget-sow-image so-widget-sow-image-default-d6014b76747a-53\"\n\t\t\t\n\t\t>\n\n<div class=\"sow-image-container\">\n\t\t<img src=\"https:\/\/www.wifimob.fr\/wp-content\/uploads\/sites\/2\/2016\/06\/bus-1.jpg\" width=\"600\" height=\"400\" srcset=\"https:\/\/www.wifimob.fr\/wp-content\/uploads\/sites\/2\/2016\/06\/bus-1.jpg 600w, https:\/\/www.wifimob.fr\/wp-content\/uploads\/sites\/2\/2016\/06\/bus-1-300x200.jpg 300w, https:\/\/www.wifimob.fr\/wp-content\/uploads\/sites\/2\/2016\/06\/bus-1-272x182.jpg 272w\" sizes=\"(max-width: 600px) 100vw, 600px\" title=\"bus car hotspot wifi wifimob\" alt=\"\" loading=\"lazy\" \t\tclass=\"so-widget-image\"\/>\n\t<\/div>\n\n<\/div><\/div><\/div><\/div><div id=\"pg-53-2\"  class=\"panel-grid panel-no-style\" ><div id=\"pgc-53-2-0\"  class=\"panel-grid-cell\" ><div id=\"panel-53-2-0-0\" class=\"so-panel widget widget_sow-editor panel-first-child panel-last-child\" data-index=\"3\" ><div\n\t\t\t\n\t\t\tclass=\"so-widget-sow-editor so-widget-sow-editor-base\"\n\t\t\t\n\t\t>\n<div class=\"siteorigin-widget-tinymce textwidget\">\n\t<h3><strong>Les + de nos solutions \/ services WIFIMOB :<\/strong><\/h3>\n<p><strong>Informations conducteurs<\/strong> : Remont\u00e9es d\u2019informations entrantes ou sortantes sur un \u00e9cran pour le conducteur<\/p>\n<p><strong>Informations publicitaires<\/strong> : Raccordement d\u2019\u00e9crans publicitaires et r\u00e9mun\u00e9ration par une r\u00e9gie<\/p>\n<p><strong>Tablettes tactiles<\/strong> : Ecrans tactiles mobiles ou int\u00e9gr\u00e9s pour am\u00e9liorer l\u2019exp\u00e9rience passager<\/p>\n<p><strong>G\u00e9olocalisation du v\u00e9hicule<\/strong> : Gestion et suivi de la flotte avec positionnement cartographique<\/p>\n<p><strong>Syst\u00e8me de VOD<\/strong> : Syst\u00e8me de vid\u00e9o \u00e0 la demande dans le v\u00e9hicule<\/p>\n<p><strong>Syst\u00e8me de paiement<\/strong> : Connexion des syst\u00e8mes de paiement ou des terminaux Carte Bleue<\/p>\n<p><strong>Vid\u00e9oprotection<\/strong> : Cam\u00e9ras et enregistreurs vid\u00e9o pour la protection des passagers et du v\u00e9hicule<\/p>\n<p><strong>Services Wi-Fi<\/strong> : Hotspot Wi-Fi pour les passagers et connexion de vos \u00e9quipements<\/p>\n<\/div>\n<\/div><\/div><\/div><\/div><\/div>","protected":false},"excerpt":{"rendered":"<p>Applications diverses de nos services embarqu\u00e9es Les services peuvent \u00eatre reli\u00e9s au Wi-Fi de mani\u00e8re s\u00e9curis\u00e9e et sans portail (terminal CB, tablette tactile&#8230;).Les ports filaires pr\u00e9sents sur le routeur peuvent aussi fournir la connexion aux \u00e9quiments tiers (PC embarqu\u00e9, vid\u00e9oprotection, &#8230;).Il est \u00e9galement possible de mettre en place des tunnels VPN (IPSEC) pour s\u00e9curiser les&#8230;<\/p>\n","protected":false},"author":1,"featured_media":210,"parent":0,"menu_order":0,"comment_status":"closed","ping_status":"closed","template":"","meta":{"_mi_skip_tracking":false},"acf":[],"yoast_head":"<!-- This site is optimized with the Yoast SEO plugin v19.2 - https:\/\/yoast.com\/wordpress\/plugins\/seo\/ -->\n<title>Les services embarqu\u00e9s - Wiconnect - Wifimob<\/title>\n<meta name=\"robots\" content=\"index, follow, max-snippet:-1, max-image-preview:large, max-video-preview:-1\" \/>\n<link rel=\"canonical\" href=\"https:\/\/www.wifimob.fr\/?page_id=53\" \/>\n<meta property=\"og:locale\" content=\"fr_FR\" \/>\n<meta property=\"og:type\" content=\"article\" \/>\n<meta property=\"og:title\" content=\"Les services embarqu\u00e9s - Wiconnect - Wifimob\" \/>\n<meta property=\"og:description\" content=\"Applications diverses de nos services embarqu\u00e9es Les services peuvent \u00eatre reli\u00e9s au Wi-Fi de mani\u00e8re s\u00e9curis\u00e9e et sans portail (terminal CB, tablette tactile...).Les ports filaires pr\u00e9sents sur le routeur peuvent aussi fournir la connexion aux \u00e9quiments tiers (PC embarqu\u00e9, vid\u00e9oprotection, ...).Il est \u00e9galement possible de mettre en place des tunnels VPN (IPSEC) pour s\u00e9curiser les...\" \/>\n<meta property=\"og:url\" content=\"https:\/\/www.wifimob.fr\/?page_id=53\" \/>\n<meta property=\"og:site_name\" content=\"Wiconnect - Wifimob\" \/>\n<meta property=\"article:modified_time\" content=\"2016-07-25T20:11:00+00:00\" \/>\n<meta property=\"og:image\" content=\"https:\/\/www.wifimob.fr\/wp-content\/uploads\/sites\/2\/2016\/06\/Service-\u00e0-bord-1.jpg\" \/>\n\t<meta property=\"og:image:width\" content=\"1650\" \/>\n\t<meta property=\"og:image:height\" content=\"340\" \/>\n\t<meta property=\"og:image:type\" content=\"image\/jpeg\" \/>\n<meta name=\"author\" content=\"admin_wiconnect\" \/>\n<meta name=\"twitter:card\" content=\"summary\" \/>\n<meta name=\"twitter:label1\" content=\"Dur\u00e9e de lecture estim\u00e9e\" \/>\n\t<meta name=\"twitter:data1\" content=\"1 minute\" \/>\n<script type=\"application\/ld+json\" class=\"yoast-schema-graph\">{\"@context\":\"https:\/\/schema.org\",\"@graph\":[{\"@type\":\"WebSite\",\"@id\":\"https:\/\/www.wifimob.fr\/#website\",\"url\":\"https:\/\/www.wifimob.fr\/\",\"name\":\"Wiconnect - Wifimob\",\"description\":\"\",\"potentialAction\":[{\"@type\":\"SearchAction\",\"target\":{\"@type\":\"EntryPoint\",\"urlTemplate\":\"https:\/\/www.wifimob.fr\/?s={search_term_string}\"},\"query-input\":\"required name=search_term_string\"}],\"inLanguage\":\"fr-FR\"},{\"@type\":\"ImageObject\",\"inLanguage\":\"fr-FR\",\"@id\":\"https:\/\/www.wifimob.fr\/?page_id=53#primaryimage\",\"url\":\"https:\/\/www.wifimob.fr\/wp-content\/uploads\/sites\/2\/2016\/06\/Service-\u00e0-bord-1.jpg\",\"contentUrl\":\"https:\/\/www.wifimob.fr\/wp-content\/uploads\/sites\/2\/2016\/06\/Service-\u00e0-bord-1.jpg\",\"width\":1650,\"height\":340},{\"@type\":\"WebPage\",\"@id\":\"https:\/\/www.wifimob.fr\/?page_id=53#webpage\",\"url\":\"https:\/\/www.wifimob.fr\/?page_id=53\",\"name\":\"Les services embarqu\u00e9s - Wiconnect - Wifimob\",\"isPartOf\":{\"@id\":\"https:\/\/www.wifimob.fr\/#website\"},\"primaryImageOfPage\":{\"@id\":\"https:\/\/www.wifimob.fr\/?page_id=53#primaryimage\"},\"datePublished\":\"2016-06-14T09:19:06+00:00\",\"dateModified\":\"2016-07-25T20:11:00+00:00\",\"breadcrumb\":{\"@id\":\"https:\/\/www.wifimob.fr\/?page_id=53#breadcrumb\"},\"inLanguage\":\"fr-FR\",\"potentialAction\":[{\"@type\":\"ReadAction\",\"target\":[\"https:\/\/www.wifimob.fr\/?page_id=53\"]}]},{\"@type\":\"BreadcrumbList\",\"@id\":\"https:\/\/www.wifimob.fr\/?page_id=53#breadcrumb\",\"itemListElement\":[{\"@type\":\"ListItem\",\"position\":1,\"name\":\"Accueil\",\"item\":\"https:\/\/www.wifimob.fr\/\"},{\"@type\":\"ListItem\",\"position\":2,\"name\":\"Les services embarqu\u00e9s\"}]}]}<\/script>\n<!-- \/ Yoast SEO plugin. -->","yoast_head_json":{"title":"Les services embarqu\u00e9s - Wiconnect - Wifimob","robots":{"index":"index","follow":"follow","max-snippet":"max-snippet:-1","max-image-preview":"max-image-preview:large","max-video-preview":"max-video-preview:-1"},"canonical":"https:\/\/www.wifimob.fr\/?page_id=53","og_locale":"fr_FR","og_type":"article","og_title":"Les services embarqu\u00e9s - Wiconnect - Wifimob","og_description":"Applications diverses de nos services embarqu\u00e9es Les services peuvent \u00eatre reli\u00e9s au Wi-Fi de mani\u00e8re s\u00e9curis\u00e9e et sans portail (terminal CB, tablette tactile...).Les ports filaires pr\u00e9sents sur le routeur peuvent aussi fournir la connexion aux \u00e9quiments tiers (PC embarqu\u00e9, vid\u00e9oprotection, ...).Il est \u00e9galement possible de mettre en place des tunnels VPN (IPSEC) pour s\u00e9curiser les...","og_url":"https:\/\/www.wifimob.fr\/?page_id=53","og_site_name":"Wiconnect - Wifimob","article_modified_time":"2016-07-25T20:11:00+00:00","og_image":[{"width":1650,"height":340,"url":"https:\/\/www.wifimob.fr\/wp-content\/uploads\/sites\/2\/2016\/06\/Service-\u00e0-bord-1.jpg","type":"image\/jpeg"}],"author":"admin_wiconnect","twitter_card":"summary","twitter_misc":{"Dur\u00e9e de lecture estim\u00e9e":"1 minute"},"schema":{"@context":"https:\/\/schema.org","@graph":[{"@type":"WebSite","@id":"https:\/\/www.wifimob.fr\/#website","url":"https:\/\/www.wifimob.fr\/","name":"Wiconnect - Wifimob","description":"","potentialAction":[{"@type":"SearchAction","target":{"@type":"EntryPoint","urlTemplate":"https:\/\/www.wifimob.fr\/?s={search_term_string}"},"query-input":"required name=search_term_string"}],"inLanguage":"fr-FR"},{"@type":"ImageObject","inLanguage":"fr-FR","@id":"https:\/\/www.wifimob.fr\/?page_id=53#primaryimage","url":"https:\/\/www.wifimob.fr\/wp-content\/uploads\/sites\/2\/2016\/06\/Service-\u00e0-bord-1.jpg","contentUrl":"https:\/\/www.wifimob.fr\/wp-content\/uploads\/sites\/2\/2016\/06\/Service-\u00e0-bord-1.jpg","width":1650,"height":340},{"@type":"WebPage","@id":"https:\/\/www.wifimob.fr\/?page_id=53#webpage","url":"https:\/\/www.wifimob.fr\/?page_id=53","name":"Les services embarqu\u00e9s - Wiconnect - Wifimob","isPartOf":{"@id":"https:\/\/www.wifimob.fr\/#website"},"primaryImageOfPage":{"@id":"https:\/\/www.wifimob.fr\/?page_id=53#primaryimage"},"datePublished":"2016-06-14T09:19:06+00:00","dateModified":"2016-07-25T20:11:00+00:00","breadcrumb":{"@id":"https:\/\/www.wifimob.fr\/?page_id=53#breadcrumb"},"inLanguage":"fr-FR","potentialAction":[{"@type":"ReadAction","target":["https:\/\/www.wifimob.fr\/?page_id=53"]}]},{"@type":"BreadcrumbList","@id":"https:\/\/www.wifimob.fr\/?page_id=53#breadcrumb","itemListElement":[{"@type":"ListItem","position":1,"name":"Accueil","item":"https:\/\/www.wifimob.fr\/"},{"@type":"ListItem","position":2,"name":"Les services embarqu\u00e9s"}]}]}},"_links":{"self":[{"href":"https:\/\/www.wifimob.fr\/index.php?rest_route=\/wp\/v2\/pages\/53"}],"collection":[{"href":"https:\/\/www.wifimob.fr\/index.php?rest_route=\/wp\/v2\/pages"}],"about":[{"href":"https:\/\/www.wifimob.fr\/index.php?rest_route=\/wp\/v2\/types\/page"}],"author":[{"embeddable":true,"href":"https:\/\/www.wifimob.fr\/index.php?rest_route=\/wp\/v2\/users\/1"}],"replies":[{"embeddable":true,"href":"https:\/\/www.wifimob.fr\/index.php?rest_route=%2Fwp%2Fv2%2Fcomments&post=53"}],"version-history":[{"count":17,"href":"https:\/\/www.wifimob.fr\/index.php?rest_route=\/wp\/v2\/pages\/53\/revisions"}],"predecessor-version":[{"id":267,"href":"https:\/\/www.wifimob.fr\/index.php?rest_route=\/wp\/v2\/pages\/53\/revisions\/267"}],"wp:featuredmedia":[{"embeddable":true,"href":"https:\/\/www.wifimob.fr\/index.php?rest_route=\/wp\/v2\/media\/210"}],"wp:attachment":[{"href":"https:\/\/www.wifimob.fr\/index.php?rest_route=%2Fwp%2Fv2%2Fmedia&parent=53"}],"curies":[{"name":"wp","href":"https:\/\/api.w.org\/{rel}","templated":true}]}}