{"id":51,"date":"2016-06-14T10:18:51","date_gmt":"2016-06-14T09:18:51","guid":{"rendered":"https:\/\/www.wifimob.fr\/?page_id=51"},"modified":"2016-06-25T12:59:05","modified_gmt":"2016-06-25T11:59:05","slug":"connexion-au-reseau","status":"publish","type":"page","link":"https:\/\/www.wifimob.fr\/?page_id=51","title":{"rendered":"Connexion au r\u00e9seau"},"content":{"rendered":"<div id=\"pl-51\"  class=\"panel-layout\" ><div id=\"pg-51-0\"  class=\"panel-grid panel-no-style\" ><div id=\"pgc-51-0-0\"  class=\"panel-grid-cell\" ><div id=\"panel-51-0-0-0\" class=\"so-panel widget widget_sow-editor panel-first-child panel-last-child\" data-index=\"0\" ><div\n\t\t\t\n\t\t\tclass=\"so-widget-sow-editor so-widget-sow-editor-base\"\n\t\t\t\n\t\t>\n<div class=\"siteorigin-widget-tinymce textwidget\">\n\t<h3>Un <strong>r\u00e9seau<\/strong> 4G<\/h3>\n<p>Vous \u00eates libre de choisir votre op\u00e9rateur mobile ! Le routeur s\u00e9lectionne automatiquement la meilleure connexion disponible pour fournir le d\u00e9bit maximum (Edge, 3G, 4G...).<\/p>\n<p>Nos \u00e9quipements peuvent accueillir jusqu\u2019\u00e0 2 cartes SIM.<\/p>\n<p>Vous pouvez choisir un op\u00e9rateur fran\u00e7ais et un op\u00e9rateur \u00e9tranger, c\u2019est id\u00e9al pour limiter le co\u00fbt du roaming international! Wiconnect peut \u00e9galement vous founir les abonnements mobiles dans une offre globale et une facturation unique.<\/p>\n<\/div>\n<\/div><\/div><\/div><\/div><div id=\"pg-51-1\"  class=\"panel-grid panel-no-style\" ><div id=\"pgc-51-1-0\"  class=\"panel-grid-cell\" ><div id=\"panel-51-1-0-0\" class=\"so-panel widget widget_sow-editor panel-first-child panel-last-child\" data-index=\"1\" ><div\n\t\t\t\n\t\t\tclass=\"so-widget-sow-editor so-widget-sow-editor-base\"\n\t\t\t\n\t\t>\n<div class=\"siteorigin-widget-tinymce textwidget\">\n\t<ul>\n<li>Compatible avec tous les op\u00e9rateurs<\/li>\n<li>Possibilit\u00e9 d\u2019ins\u00e9rer 1 ou 2 cartes SIM<\/li>\n<li>Limitation de d\u00e9bit et quotas par utilisateurs<\/li>\n<li>Gestion du roaming International<\/li>\n<li>Gestion des abonnements op\u00e9rateur possible<\/li>\n<li>Blocage en cas de d\u00e9passement de forfait<\/li>\n<\/ul>\n<\/div>\n<\/div><\/div><\/div><div id=\"pgc-51-1-1\"  class=\"panel-grid-cell\" ><div id=\"panel-51-1-1-0\" class=\"so-panel widget widget_sow-image panel-first-child panel-last-child\" data-index=\"2\" ><div\n\t\t\t\n\t\t\tclass=\"so-widget-sow-image so-widget-sow-image-default-4b231843ec72-51\"\n\t\t\t\n\t\t>\n\n<div class=\"sow-image-container\">\n\t\t<img src=\"https:\/\/www.wifimob.fr\/wp-content\/uploads\/sites\/2\/2016\/06\/mobile-605422_1920.jpg\" width=\"600\" height=\"400\" srcset=\"https:\/\/www.wifimob.fr\/wp-content\/uploads\/sites\/2\/2016\/06\/mobile-605422_1920.jpg 600w, https:\/\/www.wifimob.fr\/wp-content\/uploads\/sites\/2\/2016\/06\/mobile-605422_1920-300x200.jpg 300w, https:\/\/www.wifimob.fr\/wp-content\/uploads\/sites\/2\/2016\/06\/mobile-605422_1920-272x182.jpg 272w\" sizes=\"(max-width: 600px) 100vw, 600px\" alt=\"\" loading=\"lazy\" \t\tclass=\"so-widget-image\"\/>\n\t<\/div>\n\n<\/div><\/div><\/div><\/div><\/div>","protected":false},"excerpt":{"rendered":"<p>Un r\u00e9seau 4GVous \u00eates libre de choisir votre op\u00e9rateur mobile ! Le routeur s\u00e9lectionne automatiquement la meilleure connexion disponible pour fournir le d\u00e9bit maximum (Edge, 3G, 4G&#8230;).Nos \u00e9quipements peuvent accueillir jusqu\u2019\u00e0 2 cartes SIM.Vous pouvez choisir un op\u00e9rateur fran\u00e7ais et un op\u00e9rateur \u00e9tranger, c\u2019est id\u00e9al pour limiter le co\u00fbt du roaming international! Wiconnect peut \u00e9galement&#8230;<\/p>\n","protected":false},"author":1,"featured_media":221,"parent":0,"menu_order":0,"comment_status":"closed","ping_status":"closed","template":"","meta":{"_mi_skip_tracking":false},"acf":[],"yoast_head":"<!-- This site is optimized with the Yoast SEO plugin v19.2 - https:\/\/yoast.com\/wordpress\/plugins\/seo\/ -->\n<title>Connexion au r\u00e9seau - Wiconnect - Wifimob<\/title>\n<meta name=\"robots\" content=\"index, follow, max-snippet:-1, max-image-preview:large, max-video-preview:-1\" \/>\n<link rel=\"canonical\" href=\"https:\/\/www.wifimob.fr\/?page_id=51\" \/>\n<meta property=\"og:locale\" content=\"fr_FR\" \/>\n<meta property=\"og:type\" content=\"article\" \/>\n<meta property=\"og:title\" content=\"Connexion au r\u00e9seau - Wiconnect - Wifimob\" \/>\n<meta property=\"og:description\" content=\"Un r\u00e9seau 4GVous \u00eates libre de choisir votre op\u00e9rateur mobile ! Le routeur s\u00e9lectionne automatiquement la meilleure connexion disponible pour fournir le d\u00e9bit maximum (Edge, 3G, 4G...).Nos \u00e9quipements peuvent accueillir jusqu\u2019\u00e0 2 cartes SIM.Vous pouvez choisir un op\u00e9rateur fran\u00e7ais et un op\u00e9rateur \u00e9tranger, c\u2019est id\u00e9al pour limiter le co\u00fbt du roaming international! Wiconnect peut \u00e9galement...\" \/>\n<meta property=\"og:url\" content=\"https:\/\/www.wifimob.fr\/?page_id=51\" \/>\n<meta property=\"og:site_name\" content=\"Wiconnect - Wifimob\" \/>\n<meta property=\"article:modified_time\" content=\"2016-06-25T11:59:05+00:00\" \/>\n<meta property=\"og:image\" content=\"https:\/\/www.wifimob.fr\/wp-content\/uploads\/sites\/2\/2016\/06\/reseau-4g-wifi.jpg\" \/>\n\t<meta property=\"og:image:width\" content=\"1653\" \/>\n\t<meta property=\"og:image:height\" content=\"341\" \/>\n\t<meta property=\"og:image:type\" content=\"image\/jpeg\" \/>\n<meta name=\"author\" content=\"admin_wiconnect\" \/>\n<meta name=\"twitter:card\" content=\"summary\" \/>\n<meta name=\"twitter:label1\" content=\"Dur\u00e9e de lecture estim\u00e9e\" \/>\n\t<meta name=\"twitter:data1\" content=\"1 minute\" \/>\n<script type=\"application\/ld+json\" class=\"yoast-schema-graph\">{\"@context\":\"https:\/\/schema.org\",\"@graph\":[{\"@type\":\"WebSite\",\"@id\":\"https:\/\/www.wifimob.fr\/#website\",\"url\":\"https:\/\/www.wifimob.fr\/\",\"name\":\"Wiconnect - Wifimob\",\"description\":\"\",\"potentialAction\":[{\"@type\":\"SearchAction\",\"target\":{\"@type\":\"EntryPoint\",\"urlTemplate\":\"https:\/\/www.wifimob.fr\/?s={search_term_string}\"},\"query-input\":\"required name=search_term_string\"}],\"inLanguage\":\"fr-FR\"},{\"@type\":\"ImageObject\",\"inLanguage\":\"fr-FR\",\"@id\":\"https:\/\/www.wifimob.fr\/?page_id=51#primaryimage\",\"url\":\"https:\/\/www.wifimob.fr\/wp-content\/uploads\/sites\/2\/2016\/06\/reseau-4g-wifi.jpg\",\"contentUrl\":\"https:\/\/www.wifimob.fr\/wp-content\/uploads\/sites\/2\/2016\/06\/reseau-4g-wifi.jpg\",\"width\":1653,\"height\":341},{\"@type\":\"WebPage\",\"@id\":\"https:\/\/www.wifimob.fr\/?page_id=51#webpage\",\"url\":\"https:\/\/www.wifimob.fr\/?page_id=51\",\"name\":\"Connexion au r\u00e9seau - Wiconnect - Wifimob\",\"isPartOf\":{\"@id\":\"https:\/\/www.wifimob.fr\/#website\"},\"primaryImageOfPage\":{\"@id\":\"https:\/\/www.wifimob.fr\/?page_id=51#primaryimage\"},\"datePublished\":\"2016-06-14T09:18:51+00:00\",\"dateModified\":\"2016-06-25T11:59:05+00:00\",\"breadcrumb\":{\"@id\":\"https:\/\/www.wifimob.fr\/?page_id=51#breadcrumb\"},\"inLanguage\":\"fr-FR\",\"potentialAction\":[{\"@type\":\"ReadAction\",\"target\":[\"https:\/\/www.wifimob.fr\/?page_id=51\"]}]},{\"@type\":\"BreadcrumbList\",\"@id\":\"https:\/\/www.wifimob.fr\/?page_id=51#breadcrumb\",\"itemListElement\":[{\"@type\":\"ListItem\",\"position\":1,\"name\":\"Accueil\",\"item\":\"https:\/\/www.wifimob.fr\/\"},{\"@type\":\"ListItem\",\"position\":2,\"name\":\"Connexion au r\u00e9seau\"}]}]}<\/script>\n<!-- \/ Yoast SEO plugin. -->","yoast_head_json":{"title":"Connexion au r\u00e9seau - Wiconnect - Wifimob","robots":{"index":"index","follow":"follow","max-snippet":"max-snippet:-1","max-image-preview":"max-image-preview:large","max-video-preview":"max-video-preview:-1"},"canonical":"https:\/\/www.wifimob.fr\/?page_id=51","og_locale":"fr_FR","og_type":"article","og_title":"Connexion au r\u00e9seau - Wiconnect - Wifimob","og_description":"Un r\u00e9seau 4GVous \u00eates libre de choisir votre op\u00e9rateur mobile ! Le routeur s\u00e9lectionne automatiquement la meilleure connexion disponible pour fournir le d\u00e9bit maximum (Edge, 3G, 4G...).Nos \u00e9quipements peuvent accueillir jusqu\u2019\u00e0 2 cartes SIM.Vous pouvez choisir un op\u00e9rateur fran\u00e7ais et un op\u00e9rateur \u00e9tranger, c\u2019est id\u00e9al pour limiter le co\u00fbt du roaming international! Wiconnect peut \u00e9galement...","og_url":"https:\/\/www.wifimob.fr\/?page_id=51","og_site_name":"Wiconnect - Wifimob","article_modified_time":"2016-06-25T11:59:05+00:00","og_image":[{"width":1653,"height":341,"url":"https:\/\/www.wifimob.fr\/wp-content\/uploads\/sites\/2\/2016\/06\/reseau-4g-wifi.jpg","type":"image\/jpeg"}],"author":"admin_wiconnect","twitter_card":"summary","twitter_misc":{"Dur\u00e9e de lecture estim\u00e9e":"1 minute"},"schema":{"@context":"https:\/\/schema.org","@graph":[{"@type":"WebSite","@id":"https:\/\/www.wifimob.fr\/#website","url":"https:\/\/www.wifimob.fr\/","name":"Wiconnect - Wifimob","description":"","potentialAction":[{"@type":"SearchAction","target":{"@type":"EntryPoint","urlTemplate":"https:\/\/www.wifimob.fr\/?s={search_term_string}"},"query-input":"required name=search_term_string"}],"inLanguage":"fr-FR"},{"@type":"ImageObject","inLanguage":"fr-FR","@id":"https:\/\/www.wifimob.fr\/?page_id=51#primaryimage","url":"https:\/\/www.wifimob.fr\/wp-content\/uploads\/sites\/2\/2016\/06\/reseau-4g-wifi.jpg","contentUrl":"https:\/\/www.wifimob.fr\/wp-content\/uploads\/sites\/2\/2016\/06\/reseau-4g-wifi.jpg","width":1653,"height":341},{"@type":"WebPage","@id":"https:\/\/www.wifimob.fr\/?page_id=51#webpage","url":"https:\/\/www.wifimob.fr\/?page_id=51","name":"Connexion au r\u00e9seau - Wiconnect - Wifimob","isPartOf":{"@id":"https:\/\/www.wifimob.fr\/#website"},"primaryImageOfPage":{"@id":"https:\/\/www.wifimob.fr\/?page_id=51#primaryimage"},"datePublished":"2016-06-14T09:18:51+00:00","dateModified":"2016-06-25T11:59:05+00:00","breadcrumb":{"@id":"https:\/\/www.wifimob.fr\/?page_id=51#breadcrumb"},"inLanguage":"fr-FR","potentialAction":[{"@type":"ReadAction","target":["https:\/\/www.wifimob.fr\/?page_id=51"]}]},{"@type":"BreadcrumbList","@id":"https:\/\/www.wifimob.fr\/?page_id=51#breadcrumb","itemListElement":[{"@type":"ListItem","position":1,"name":"Accueil","item":"https:\/\/www.wifimob.fr\/"},{"@type":"ListItem","position":2,"name":"Connexion au r\u00e9seau"}]}]}},"_links":{"self":[{"href":"https:\/\/www.wifimob.fr\/index.php?rest_route=\/wp\/v2\/pages\/51"}],"collection":[{"href":"https:\/\/www.wifimob.fr\/index.php?rest_route=\/wp\/v2\/pages"}],"about":[{"href":"https:\/\/www.wifimob.fr\/index.php?rest_route=\/wp\/v2\/types\/page"}],"author":[{"embeddable":true,"href":"https:\/\/www.wifimob.fr\/index.php?rest_route=\/wp\/v2\/users\/1"}],"replies":[{"embeddable":true,"href":"https:\/\/www.wifimob.fr\/index.php?rest_route=%2Fwp%2Fv2%2Fcomments&post=51"}],"version-history":[{"count":14,"href":"https:\/\/www.wifimob.fr\/index.php?rest_route=\/wp\/v2\/pages\/51\/revisions"}],"predecessor-version":[{"id":222,"href":"https:\/\/www.wifimob.fr\/index.php?rest_route=\/wp\/v2\/pages\/51\/revisions\/222"}],"wp:featuredmedia":[{"embeddable":true,"href":"https:\/\/www.wifimob.fr\/index.php?rest_route=\/wp\/v2\/media\/221"}],"wp:attachment":[{"href":"https:\/\/www.wifimob.fr\/index.php?rest_route=%2Fwp%2Fv2%2Fmedia&parent=51"}],"curies":[{"name":"wp","href":"https:\/\/api.w.org\/{rel}","templated":true}]}}