{"id":20,"date":"2016-06-14T08:55:33","date_gmt":"2016-06-14T07:55:33","guid":{"rendered":"https:\/\/www.wifimob.fr\/?page_id=20"},"modified":"2016-06-24T16:04:55","modified_gmt":"2016-06-24T15:04:55","slug":"reglementation","status":"publish","type":"page","link":"https:\/\/www.wifimob.fr\/?page_id=20","title":{"rendered":"R\u00e9glementation"},"content":{"rendered":"<div id=\"pl-20\"  class=\"panel-layout\" ><div id=\"pg-20-0\"  class=\"panel-grid panel-no-style\" ><div id=\"pgc-20-0-0\"  class=\"panel-grid-cell\" ><div id=\"panel-20-0-0-0\" class=\"so-panel widget widget_sow-editor panel-first-child panel-last-child\" data-index=\"0\" ><div\n\t\t\t\n\t\t\tclass=\"so-widget-sow-editor so-widget-sow-editor-base\"\n\t\t\t\n\t\t>\n<div class=\"siteorigin-widget-tinymce textwidget\">\n\t<h3>Respect de la <strong>l\u00e9gislation<\/strong><\/h3>\n<p>La solution Hotspot Wi-Fi respecte l\u2019ensemble des obligations l\u00e9gales Fran\u00e7aises et Europ\u00e9ennes concernant les lois antiterroristes(1) et les lois sur les t\u00e9l\u00e9chargements ill\u00e9gaux(2).<\/p>\n<p>La solution inclut un portail de connexion (stantard ou sur mesure) et l\u2019enregistrement des traces des utilisateurs (logs).<\/p>\n<p>Elle propose en option le filtrage de contenus et le blocage des sites internet ill\u00e9gaux ou \u00e0 caract\u00e8res sensibles (pornographie, jeux en ligne, piratage informatique...).<\/p>\n<\/div>\n<\/div><\/div><\/div><div id=\"pgc-20-0-1\"  class=\"panel-grid-cell\" ><div id=\"panel-20-0-1-0\" class=\"so-panel widget widget_sow-editor panel-first-child panel-last-child\" data-index=\"1\" ><div\n\t\t\t\n\t\t\tclass=\"so-widget-sow-editor so-widget-sow-editor-base\"\n\t\t\t\n\t\t>\n<div class=\"siteorigin-widget-tinymce textwidget\">\n\t<h3><strong>Loi<\/strong><\/h3>\n<p>R\u00e9glementation Fran\u00e7aise et Europ\u00e9enne (1) Loi n\u00b0 2006-64 du 23 janvier 2006, code des postes et des communications \u00e9lectroniques Article L34-1, Loi LCEN article 6 - alin\u00e9a 7, Directive europ\u00e9enne 2006\/24\/CE. Sanctions: 1 an d\u2019emprisonnement, 75 000 euros d\u2019amende pour les personnes physiques, 375 000 euros d\u2019amende pour les personnes morales. (2) HADOPI 2 Article 434-4 ]<\/p>\n<p>Wiconnect est d\u00e9clar\u00e9 aupr\u00e8s de l\u2019ARCEP et prend en charge la responsabilit\u00e9 d\u2019op\u00e9rateur pour vous.<\/p>\n<\/div>\n<\/div><\/div><\/div><\/div><div id=\"pg-20-1\"  class=\"panel-grid panel-no-style\" ><div id=\"pgc-20-1-0\"  class=\"panel-grid-cell\" ><div id=\"panel-20-1-0-0\" class=\"so-panel widget widget_black-studio-tinymce widget_black_studio_tinymce panel-first-child panel-last-child\" data-index=\"2\" ><div class=\"textwidget\"><p><figure id=\"attachment_214\" aria-describedby=\"caption-attachment-214\" style=\"width: 300px\" class=\"wp-caption alignnone\"><a href=\"https:\/\/www.wifimob.fr\/wp-content\/uploads\/sites\/2\/2016\/06\/securite-regelementation-wifi-large.jpg\" rel=\"attachment wp-att-214\"><img class=\"size-medium wp-image-214\" src=\"https:\/\/www.wifimob.fr\/wp-content\/uploads\/sites\/2\/2016\/06\/securite-regelementation-wifi-large-300x200.jpg\" alt=\"Security &amp; privacy concept\" width=\"300\" height=\"200\" \/><\/a><figcaption id=\"caption-attachment-214\" class=\"wp-caption-text\">S\u00e9curit\u00e9, Filtrage et gestion des informations de connexions<\/figcaption><\/figure><\/p>\n<\/div><\/div><\/div><\/div><\/div>","protected":false},"excerpt":{"rendered":"<p>Respect de la l\u00e9gislationLa solution Hotspot Wi-Fi respecte l\u2019ensemble des obligations l\u00e9gales Fran\u00e7aises et Europ\u00e9ennes concernant les lois antiterroristes(1) et les lois sur les t\u00e9l\u00e9chargements ill\u00e9gaux(2).La solution inclut un portail de connexion (stantard ou sur mesure) et l\u2019enregistrement des traces des utilisateurs (logs).Elle propose en option le filtrage de contenus et le blocage des sites&#8230;<\/p>\n","protected":false},"author":1,"featured_media":212,"parent":0,"menu_order":0,"comment_status":"closed","ping_status":"closed","template":"","meta":{"_mi_skip_tracking":false},"acf":[],"yoast_head":"<!-- This site is optimized with the Yoast SEO plugin v19.2 - https:\/\/yoast.com\/wordpress\/plugins\/seo\/ -->\n<title>R\u00e9glementation - Wiconnect - Wifimob<\/title>\n<meta name=\"robots\" content=\"index, follow, max-snippet:-1, max-image-preview:large, max-video-preview:-1\" \/>\n<link rel=\"canonical\" href=\"https:\/\/www.wifimob.fr\/?page_id=20\" \/>\n<meta property=\"og:locale\" content=\"fr_FR\" \/>\n<meta property=\"og:type\" content=\"article\" \/>\n<meta property=\"og:title\" content=\"R\u00e9glementation - Wiconnect - Wifimob\" \/>\n<meta property=\"og:description\" content=\"Respect de la l\u00e9gislationLa solution Hotspot Wi-Fi respecte l\u2019ensemble des obligations l\u00e9gales Fran\u00e7aises et Europ\u00e9ennes concernant les lois antiterroristes(1) et les lois sur les t\u00e9l\u00e9chargements ill\u00e9gaux(2).La solution inclut un portail de connexion (stantard ou sur mesure) et l\u2019enregistrement des traces des utilisateurs (logs).Elle propose en option le filtrage de contenus et le blocage des sites...\" \/>\n<meta property=\"og:url\" content=\"https:\/\/www.wifimob.fr\/?page_id=20\" \/>\n<meta property=\"og:site_name\" content=\"Wiconnect - Wifimob\" \/>\n<meta property=\"article:modified_time\" content=\"2016-06-24T15:04:55+00:00\" \/>\n<meta property=\"og:image\" content=\"https:\/\/www.wifimob.fr\/wp-content\/uploads\/sites\/2\/2016\/06\/securite-regelementation-wifi.jpg\" \/>\n\t<meta property=\"og:image:width\" content=\"1653\" \/>\n\t<meta property=\"og:image:height\" content=\"340\" \/>\n\t<meta property=\"og:image:type\" content=\"image\/jpeg\" \/>\n<meta name=\"author\" content=\"admin_wiconnect\" \/>\n<meta name=\"twitter:card\" content=\"summary\" \/>\n<meta name=\"twitter:label1\" content=\"Dur\u00e9e de lecture estim\u00e9e\" \/>\n\t<meta name=\"twitter:data1\" content=\"1 minute\" \/>\n<script type=\"application\/ld+json\" class=\"yoast-schema-graph\">{\"@context\":\"https:\/\/schema.org\",\"@graph\":[{\"@type\":\"WebSite\",\"@id\":\"https:\/\/www.wifimob.fr\/#website\",\"url\":\"https:\/\/www.wifimob.fr\/\",\"name\":\"Wiconnect - Wifimob\",\"description\":\"\",\"potentialAction\":[{\"@type\":\"SearchAction\",\"target\":{\"@type\":\"EntryPoint\",\"urlTemplate\":\"https:\/\/www.wifimob.fr\/?s={search_term_string}\"},\"query-input\":\"required name=search_term_string\"}],\"inLanguage\":\"fr-FR\"},{\"@type\":\"ImageObject\",\"inLanguage\":\"fr-FR\",\"@id\":\"https:\/\/www.wifimob.fr\/?page_id=20#primaryimage\",\"url\":\"https:\/\/www.wifimob.fr\/wp-content\/uploads\/sites\/2\/2016\/06\/securite-regelementation-wifi.jpg\",\"contentUrl\":\"https:\/\/www.wifimob.fr\/wp-content\/uploads\/sites\/2\/2016\/06\/securite-regelementation-wifi.jpg\",\"width\":1653,\"height\":340},{\"@type\":\"WebPage\",\"@id\":\"https:\/\/www.wifimob.fr\/?page_id=20#webpage\",\"url\":\"https:\/\/www.wifimob.fr\/?page_id=20\",\"name\":\"R\u00e9glementation - Wiconnect - Wifimob\",\"isPartOf\":{\"@id\":\"https:\/\/www.wifimob.fr\/#website\"},\"primaryImageOfPage\":{\"@id\":\"https:\/\/www.wifimob.fr\/?page_id=20#primaryimage\"},\"datePublished\":\"2016-06-14T07:55:33+00:00\",\"dateModified\":\"2016-06-24T15:04:55+00:00\",\"breadcrumb\":{\"@id\":\"https:\/\/www.wifimob.fr\/?page_id=20#breadcrumb\"},\"inLanguage\":\"fr-FR\",\"potentialAction\":[{\"@type\":\"ReadAction\",\"target\":[\"https:\/\/www.wifimob.fr\/?page_id=20\"]}]},{\"@type\":\"BreadcrumbList\",\"@id\":\"https:\/\/www.wifimob.fr\/?page_id=20#breadcrumb\",\"itemListElement\":[{\"@type\":\"ListItem\",\"position\":1,\"name\":\"Accueil\",\"item\":\"https:\/\/www.wifimob.fr\/\"},{\"@type\":\"ListItem\",\"position\":2,\"name\":\"R\u00e9glementation\"}]}]}<\/script>\n<!-- \/ Yoast SEO plugin. -->","yoast_head_json":{"title":"R\u00e9glementation - Wiconnect - Wifimob","robots":{"index":"index","follow":"follow","max-snippet":"max-snippet:-1","max-image-preview":"max-image-preview:large","max-video-preview":"max-video-preview:-1"},"canonical":"https:\/\/www.wifimob.fr\/?page_id=20","og_locale":"fr_FR","og_type":"article","og_title":"R\u00e9glementation - Wiconnect - Wifimob","og_description":"Respect de la l\u00e9gislationLa solution Hotspot Wi-Fi respecte l\u2019ensemble des obligations l\u00e9gales Fran\u00e7aises et Europ\u00e9ennes concernant les lois antiterroristes(1) et les lois sur les t\u00e9l\u00e9chargements ill\u00e9gaux(2).La solution inclut un portail de connexion (stantard ou sur mesure) et l\u2019enregistrement des traces des utilisateurs (logs).Elle propose en option le filtrage de contenus et le blocage des sites...","og_url":"https:\/\/www.wifimob.fr\/?page_id=20","og_site_name":"Wiconnect - Wifimob","article_modified_time":"2016-06-24T15:04:55+00:00","og_image":[{"width":1653,"height":340,"url":"https:\/\/www.wifimob.fr\/wp-content\/uploads\/sites\/2\/2016\/06\/securite-regelementation-wifi.jpg","type":"image\/jpeg"}],"author":"admin_wiconnect","twitter_card":"summary","twitter_misc":{"Dur\u00e9e de lecture estim\u00e9e":"1 minute"},"schema":{"@context":"https:\/\/schema.org","@graph":[{"@type":"WebSite","@id":"https:\/\/www.wifimob.fr\/#website","url":"https:\/\/www.wifimob.fr\/","name":"Wiconnect - Wifimob","description":"","potentialAction":[{"@type":"SearchAction","target":{"@type":"EntryPoint","urlTemplate":"https:\/\/www.wifimob.fr\/?s={search_term_string}"},"query-input":"required name=search_term_string"}],"inLanguage":"fr-FR"},{"@type":"ImageObject","inLanguage":"fr-FR","@id":"https:\/\/www.wifimob.fr\/?page_id=20#primaryimage","url":"https:\/\/www.wifimob.fr\/wp-content\/uploads\/sites\/2\/2016\/06\/securite-regelementation-wifi.jpg","contentUrl":"https:\/\/www.wifimob.fr\/wp-content\/uploads\/sites\/2\/2016\/06\/securite-regelementation-wifi.jpg","width":1653,"height":340},{"@type":"WebPage","@id":"https:\/\/www.wifimob.fr\/?page_id=20#webpage","url":"https:\/\/www.wifimob.fr\/?page_id=20","name":"R\u00e9glementation - Wiconnect - Wifimob","isPartOf":{"@id":"https:\/\/www.wifimob.fr\/#website"},"primaryImageOfPage":{"@id":"https:\/\/www.wifimob.fr\/?page_id=20#primaryimage"},"datePublished":"2016-06-14T07:55:33+00:00","dateModified":"2016-06-24T15:04:55+00:00","breadcrumb":{"@id":"https:\/\/www.wifimob.fr\/?page_id=20#breadcrumb"},"inLanguage":"fr-FR","potentialAction":[{"@type":"ReadAction","target":["https:\/\/www.wifimob.fr\/?page_id=20"]}]},{"@type":"BreadcrumbList","@id":"https:\/\/www.wifimob.fr\/?page_id=20#breadcrumb","itemListElement":[{"@type":"ListItem","position":1,"name":"Accueil","item":"https:\/\/www.wifimob.fr\/"},{"@type":"ListItem","position":2,"name":"R\u00e9glementation"}]}]}},"_links":{"self":[{"href":"https:\/\/www.wifimob.fr\/index.php?rest_route=\/wp\/v2\/pages\/20"}],"collection":[{"href":"https:\/\/www.wifimob.fr\/index.php?rest_route=\/wp\/v2\/pages"}],"about":[{"href":"https:\/\/www.wifimob.fr\/index.php?rest_route=\/wp\/v2\/types\/page"}],"author":[{"embeddable":true,"href":"https:\/\/www.wifimob.fr\/index.php?rest_route=\/wp\/v2\/users\/1"}],"replies":[{"embeddable":true,"href":"https:\/\/www.wifimob.fr\/index.php?rest_route=%2Fwp%2Fv2%2Fcomments&post=20"}],"version-history":[{"count":6,"href":"https:\/\/www.wifimob.fr\/index.php?rest_route=\/wp\/v2\/pages\/20\/revisions"}],"predecessor-version":[{"id":216,"href":"https:\/\/www.wifimob.fr\/index.php?rest_route=\/wp\/v2\/pages\/20\/revisions\/216"}],"wp:featuredmedia":[{"embeddable":true,"href":"https:\/\/www.wifimob.fr\/index.php?rest_route=\/wp\/v2\/media\/212"}],"wp:attachment":[{"href":"https:\/\/www.wifimob.fr\/index.php?rest_route=%2Fwp%2Fv2%2Fmedia&parent=20"}],"curies":[{"name":"wp","href":"https:\/\/api.w.org\/{rel}","templated":true}]}}