{"id":11,"date":"2016-06-14T08:51:54","date_gmt":"2016-06-14T07:51:54","guid":{"rendered":"https:\/\/www.wifimob.fr\/?page_id=11"},"modified":"2016-07-25T21:07:13","modified_gmt":"2016-07-25T20:07:13","slug":"clients-wifi","status":"publish","type":"page","link":"https:\/\/www.wifimob.fr\/?page_id=11","title":{"rendered":"Clients"},"content":{"rendered":"","protected":false},"excerpt":{"rendered":"","protected":false},"author":1,"featured_media":64,"parent":0,"menu_order":0,"comment_status":"closed","ping_status":"closed","template":"page-references.php","meta":{"_mi_skip_tracking":false},"acf":[],"yoast_head":"<!-- This site is optimized with the Yoast SEO plugin v19.2 - https:\/\/yoast.com\/wordpress\/plugins\/seo\/ -->\n<title>WIFIMOB : nos clients utilisateurs de nos solutions wifi embarqu\u00e9es<\/title>\n<meta name=\"description\" content=\"D\u00e9couvrez les clients de WIFIMOB utilisateurs des solutions embarqu\u00e9es wifi, que ce soit pour bus et autocar, taxis et VTC, bateaux...\" \/>\n<meta name=\"robots\" content=\"index, follow, max-snippet:-1, max-image-preview:large, max-video-preview:-1\" \/>\n<link rel=\"canonical\" href=\"https:\/\/www.wifimob.fr\/?page_id=11\" \/>\n<meta property=\"og:locale\" content=\"fr_FR\" \/>\n<meta property=\"og:type\" content=\"article\" \/>\n<meta property=\"og:title\" content=\"WIFIMOB : nos clients utilisateurs de nos solutions wifi embarqu\u00e9es\" \/>\n<meta property=\"og:description\" content=\"D\u00e9couvrez les clients de WIFIMOB utilisateurs des solutions embarqu\u00e9es wifi, que ce soit pour bus et autocar, taxis et VTC, bateaux...\" \/>\n<meta property=\"og:url\" content=\"https:\/\/www.wifimob.fr\/?page_id=11\" \/>\n<meta property=\"og:site_name\" content=\"Wiconnect - Wifimob\" \/>\n<meta property=\"article:modified_time\" content=\"2016-07-25T20:07:13+00:00\" \/>\n<meta property=\"og:image\" content=\"https:\/\/www.wifimob.fr\/wp-content\/uploads\/sites\/2\/2016\/06\/fond-reference.jpg\" \/>\n\t<meta property=\"og:image:width\" content=\"1920\" \/>\n\t<meta property=\"og:image:height\" content=\"341\" \/>\n\t<meta property=\"og:image:type\" content=\"image\/jpeg\" \/>\n<meta name=\"author\" content=\"admin_wiconnect\" \/>\n<meta name=\"twitter:card\" content=\"summary\" \/>\n<script type=\"application\/ld+json\" class=\"yoast-schema-graph\">{\"@context\":\"https:\/\/schema.org\",\"@graph\":[{\"@type\":\"WebSite\",\"@id\":\"https:\/\/www.wifimob.fr\/#website\",\"url\":\"https:\/\/www.wifimob.fr\/\",\"name\":\"Wiconnect - Wifimob\",\"description\":\"\",\"potentialAction\":[{\"@type\":\"SearchAction\",\"target\":{\"@type\":\"EntryPoint\",\"urlTemplate\":\"https:\/\/www.wifimob.fr\/?s={search_term_string}\"},\"query-input\":\"required name=search_term_string\"}],\"inLanguage\":\"fr-FR\"},{\"@type\":\"ImageObject\",\"inLanguage\":\"fr-FR\",\"@id\":\"https:\/\/www.wifimob.fr\/?page_id=11#primaryimage\",\"url\":\"https:\/\/www.wifimob.fr\/wp-content\/uploads\/sites\/2\/2016\/06\/fond-reference.jpg\",\"contentUrl\":\"https:\/\/www.wifimob.fr\/wp-content\/uploads\/sites\/2\/2016\/06\/fond-reference.jpg\",\"width\":1920,\"height\":341},{\"@type\":\"WebPage\",\"@id\":\"https:\/\/www.wifimob.fr\/?page_id=11#webpage\",\"url\":\"https:\/\/www.wifimob.fr\/?page_id=11\",\"name\":\"WIFIMOB : nos clients utilisateurs de nos solutions wifi embarqu\u00e9es\",\"isPartOf\":{\"@id\":\"https:\/\/www.wifimob.fr\/#website\"},\"primaryImageOfPage\":{\"@id\":\"https:\/\/www.wifimob.fr\/?page_id=11#primaryimage\"},\"datePublished\":\"2016-06-14T07:51:54+00:00\",\"dateModified\":\"2016-07-25T20:07:13+00:00\",\"description\":\"D\u00e9couvrez les clients de WIFIMOB utilisateurs des solutions embarqu\u00e9es wifi, que ce soit pour bus et autocar, taxis et VTC, bateaux...\",\"breadcrumb\":{\"@id\":\"https:\/\/www.wifimob.fr\/?page_id=11#breadcrumb\"},\"inLanguage\":\"fr-FR\",\"potentialAction\":[{\"@type\":\"ReadAction\",\"target\":[\"https:\/\/www.wifimob.fr\/?page_id=11\"]}]},{\"@type\":\"BreadcrumbList\",\"@id\":\"https:\/\/www.wifimob.fr\/?page_id=11#breadcrumb\",\"itemListElement\":[{\"@type\":\"ListItem\",\"position\":1,\"name\":\"Accueil\",\"item\":\"https:\/\/www.wifimob.fr\/\"},{\"@type\":\"ListItem\",\"position\":2,\"name\":\"Clients\"}]}]}<\/script>\n<!-- \/ Yoast SEO plugin. -->","yoast_head_json":{"title":"WIFIMOB : nos clients utilisateurs de nos solutions wifi embarqu\u00e9es","description":"D\u00e9couvrez les clients de WIFIMOB utilisateurs des solutions embarqu\u00e9es wifi, que ce soit pour bus et autocar, taxis et VTC, bateaux...","robots":{"index":"index","follow":"follow","max-snippet":"max-snippet:-1","max-image-preview":"max-image-preview:large","max-video-preview":"max-video-preview:-1"},"canonical":"https:\/\/www.wifimob.fr\/?page_id=11","og_locale":"fr_FR","og_type":"article","og_title":"WIFIMOB : nos clients utilisateurs de nos solutions wifi embarqu\u00e9es","og_description":"D\u00e9couvrez les clients de WIFIMOB utilisateurs des solutions embarqu\u00e9es wifi, que ce soit pour bus et autocar, taxis et VTC, bateaux...","og_url":"https:\/\/www.wifimob.fr\/?page_id=11","og_site_name":"Wiconnect - Wifimob","article_modified_time":"2016-07-25T20:07:13+00:00","og_image":[{"width":1920,"height":341,"url":"https:\/\/www.wifimob.fr\/wp-content\/uploads\/sites\/2\/2016\/06\/fond-reference.jpg","type":"image\/jpeg"}],"author":"admin_wiconnect","twitter_card":"summary","schema":{"@context":"https:\/\/schema.org","@graph":[{"@type":"WebSite","@id":"https:\/\/www.wifimob.fr\/#website","url":"https:\/\/www.wifimob.fr\/","name":"Wiconnect - Wifimob","description":"","potentialAction":[{"@type":"SearchAction","target":{"@type":"EntryPoint","urlTemplate":"https:\/\/www.wifimob.fr\/?s={search_term_string}"},"query-input":"required name=search_term_string"}],"inLanguage":"fr-FR"},{"@type":"ImageObject","inLanguage":"fr-FR","@id":"https:\/\/www.wifimob.fr\/?page_id=11#primaryimage","url":"https:\/\/www.wifimob.fr\/wp-content\/uploads\/sites\/2\/2016\/06\/fond-reference.jpg","contentUrl":"https:\/\/www.wifimob.fr\/wp-content\/uploads\/sites\/2\/2016\/06\/fond-reference.jpg","width":1920,"height":341},{"@type":"WebPage","@id":"https:\/\/www.wifimob.fr\/?page_id=11#webpage","url":"https:\/\/www.wifimob.fr\/?page_id=11","name":"WIFIMOB : nos clients utilisateurs de nos solutions wifi embarqu\u00e9es","isPartOf":{"@id":"https:\/\/www.wifimob.fr\/#website"},"primaryImageOfPage":{"@id":"https:\/\/www.wifimob.fr\/?page_id=11#primaryimage"},"datePublished":"2016-06-14T07:51:54+00:00","dateModified":"2016-07-25T20:07:13+00:00","description":"D\u00e9couvrez les clients de WIFIMOB utilisateurs des solutions embarqu\u00e9es wifi, que ce soit pour bus et autocar, taxis et VTC, bateaux...","breadcrumb":{"@id":"https:\/\/www.wifimob.fr\/?page_id=11#breadcrumb"},"inLanguage":"fr-FR","potentialAction":[{"@type":"ReadAction","target":["https:\/\/www.wifimob.fr\/?page_id=11"]}]},{"@type":"BreadcrumbList","@id":"https:\/\/www.wifimob.fr\/?page_id=11#breadcrumb","itemListElement":[{"@type":"ListItem","position":1,"name":"Accueil","item":"https:\/\/www.wifimob.fr\/"},{"@type":"ListItem","position":2,"name":"Clients"}]}]}},"_links":{"self":[{"href":"https:\/\/www.wifimob.fr\/index.php?rest_route=\/wp\/v2\/pages\/11"}],"collection":[{"href":"https:\/\/www.wifimob.fr\/index.php?rest_route=\/wp\/v2\/pages"}],"about":[{"href":"https:\/\/www.wifimob.fr\/index.php?rest_route=\/wp\/v2\/types\/page"}],"author":[{"embeddable":true,"href":"https:\/\/www.wifimob.fr\/index.php?rest_route=\/wp\/v2\/users\/1"}],"replies":[{"embeddable":true,"href":"https:\/\/www.wifimob.fr\/index.php?rest_route=%2Fwp%2Fv2%2Fcomments&post=11"}],"version-history":[{"count":3,"href":"https:\/\/www.wifimob.fr\/index.php?rest_route=\/wp\/v2\/pages\/11\/revisions"}],"predecessor-version":[{"id":78,"href":"https:\/\/www.wifimob.fr\/index.php?rest_route=\/wp\/v2\/pages\/11\/revisions\/78"}],"wp:featuredmedia":[{"embeddable":true,"href":"https:\/\/www.wifimob.fr\/index.php?rest_route=\/wp\/v2\/media\/64"}],"wp:attachment":[{"href":"https:\/\/www.wifimob.fr\/index.php?rest_route=%2Fwp%2Fv2%2Fmedia&parent=11"}],"curies":[{"name":"wp","href":"https:\/\/api.w.org\/{rel}","templated":true}]}}